{"id":15516,"date":"2021-05-11T11:58:51","date_gmt":"2021-05-11T09:58:51","guid":{"rendered":"http:\/\/casopis.slavistickodrustvo.org.rs\/?page_id=15516"},"modified":"2025-11-06T16:37:29","modified_gmt":"2025-11-06T15:37:29","slug":"editorial-board-of-the-slavic-studies","status":"publish","type":"page","link":"https:\/\/casopis.slavistickodrustvo.org.rs\/?page_id=15516&lang=en","title":{"rendered":"Advisory Board"},"content":{"rendered":"<div class=\"wpb_text_column wpb_content_element \">\n<div class=\"wpb_wrapper\">\n<p>The advisory board of the journal consists of eminent Slavic scholars from numerous Slavic and non-Slavic countries, which contributes to the publication of high-quality scientific texts from all areas of modern Slavic research. When selecting members of the editorial board, special care is taken to include one representative from each regional Slavic centre, as well as representatives of eminent centres for each Slavic language, as well as representatives of well-known centres from around the world (Europe, Asia, and America).<\/p>\n<p><strong>Editor-in-Chief<\/strong><\/p>\n<ul>\n<li>Irina Antanasijevi\u0107, Ph.D. (Faculty of Philology, University of Belgrade)<br \/>\n<a href=\"mailto:slavistikajournal@fil.bg.ac.rs\">slavistikajournal@fil.bg.ac.rs<\/a><\/li>\n<\/ul>\n<p><strong>Assistant Editor-in-Chief<\/strong><\/p>\n<ul>\n<li>Marija Stefanovi\u0107, Ph.D. (Faculty of Philosophy, University of Novi Sad)<br \/>\n<a href=\"mailto:mstefanovic@ff.uns.ac.rs\">mstefanovic@ff.uns.ac.rs<\/a><\/li>\n<\/ul>\n<p><strong>Advisory Board<\/strong><\/p>\n<ul>\n<li>Daisuke Adachi, Ph.D., Hokkaido University, Japan<\/li>\n<li>Adriaan Barentsen, Ph.D., University of Amsterdam, the Netherlands<\/li>\n<li>Branka Bar\u010dot, Ph.D., University of Zagreb, Croatia<\/li>\n<li>Dmitriy Burago, Ph.D., M. Dragomanov Pedagogical University in Kiev, Ukraine<\/li>\n<li>Stefano Garzonio, Ph.D., University of Pisa, Italy<\/li>\n<li>Tsenka Ivanova, Ph.D., St. Cyril and St. Methodius University of Veliko Turnovo, Bulgaria<\/li>\n<li>Anna Kulesh, Ph.D., Belarusian State University, Minsk, Belarus<\/li>\n<li>Biljana Mirchevska Bosheva, Ph.D., The Saints Cyril and Methodius University in Skopje, North Macedonia<\/li>\n<li>T\u00fcrkan Olcay, Ph.D., University of Istanbul, Turkey<\/li>\n<li>Dorota Pazio-Wlaz\u0142owska, Ph.D., Institute of Slavic Studies, Polish Academy of Sciences, Warsaw, Poland<\/li>\n<li>Elena Petrukhina, Ph.D., Faculty of Philology, Lomonosov Moscow State University, Russia<\/li>\n<li>Fedor Polyakov, Ph.D., Institute of Slavic Studies, University of Vienna, Austria<\/li>\n<li>Ivo Posp\u00ed\u0161il, Ph.D., Masaryk University, Brno, Czech Republic<\/li>\n<li>Donald Rayfield, Ph.D., Queen Mary University of London, Great Britain<\/li>\n<li>Karol\u00edna Skwarska, Ph.D., Institute of Slavonic Studies, Czech Academy of Sciences, Prague<\/li>\n<li>Marina Sorokina, Ph.D., Alexander Solzhenitsyn Centre for the Study of the Russian Diaspora, Moscow, Russia<\/li>\n<li>Danko \u0160ipka, Ph.D., Arizona State University, USA<\/li>\n<li>Richard Tempest, Ph.D., University of Illinois at Urbana-Champaign, USA<\/li>\n<li>Lidija Tomi\u0107, Ph.D., State University of Montenegro<\/li>\n<li>Branko To\u0161ovi\u0107, Ph.D., Institute of Slavic Studies, University of Graz, Austria<\/li>\n<li>Academician Andreja \u017dele, Ph.D., Slovenian Academy of Sciences and Arts, Ljubljana, Slovenia<\/li>\n<\/ul>\n<p><strong>Editorial Board<\/strong>:<\/p>\n<ul>\n<li>Rajna Dragi\u0107evi\u0107, Ph.D., Faculty of Philology, University of Belgrade<\/li>\n<li>Ksenija Kon\u010darevi\u0107, Ph.D., Faculty of Philology, University of Belgrade<\/li>\n<li>Aleksandra Korda-Petrovi\u0107, Ph.D., Faculty of Philology, University of Belgrade<\/li>\n<li>Biljana Mari\u0107, Ph.D., Faculty of Philology, University of Belgrade<\/li>\n<li>Vu\u010dina Rai\u010devi\u0107, Ph.D., Faculty of Philology, University of Belgrade<\/li>\n<li>Dalibor Sokolovi\u0107, Ph.D., Faculty of Philology, University of Belgrade<\/li>\n<li>Corr. Member SretoTanasi\u0107, Ph.D., Academy of Sciences and Arts of the Republika Srpska, Institute for the Serbian Language of the Serbian Academy of Sciences and Arts<\/li>\n<\/ul>\n<p><strong>Technical Editorial Board <\/strong><\/p>\n<ul>\n<li>Serbian language editor: Mag. Dragana Kerkez<\/li>\n<li>English summary editor: Sergej Macura, Ph.D.<\/li>\n<li>DTP: \u0110or\u0111e Sekerezovi\u0107 and Davor Pal\u010di\u0107<\/li>\n<li>Printed by: Grafi\u010dar Ltd., Sevojno<\/li>\n<\/ul>\n<p><strong>Secretary <\/strong><\/p>\n<ul>\n<li>Nikola Miljkovi\u0107, Ph.D., Faculty of Philology, University of Belgrade<br \/>\n<a href=\"mailto:slavistikajournal@fil.bg.ac.rs\">slavistikajournal@fil.bg.ac.rs<\/a><\/li>\n<\/ul>\n<p><strong>Secretariat<\/strong>:<\/p>\n<ul>\n<li>Stefana Paunovi\u0107 Rodi\u0107, Ph.D.<\/li>\n<li>Stefan Milo\u0161evi\u0107, M.A.<\/li>\n<\/ul>\n<\/div>\n<\/div>\n","protected":false},"excerpt":{"rendered":"<p>The advisory board of the journal consists of eminent Slavic scholars from numerous Slavic and non-Slavic countries, which contributes to the publication of high-quality scientific texts from all areas of modern Slavic research. When selecting members of the editorial board, special care is taken to include one representative from each regional Slavic centre, as well as representatives of eminent centres for each Slavic language, as well as representatives of well-known centres from around the world (Europe, Asia, and America). Editor-in-Chief Irina Antanasijevi\u0107, Ph.D. (Faculty of Philology, University of Belgrade) slavistikajournal@fil.bg.ac.rs Assistant Editor-in-Chief Marija Stefanovi\u0107, Ph.D. (Faculty of Philosophy, University of Novi Sad) mstefanovic@ff.uns.ac.rs Advisory Board Daisuke Adachi, Ph.D., Hokkaido University, Japan Adriaan Barentsen, Ph.D., University of Amsterdam, the Netherlands Branka Bar\u010dot, Ph.D., University of Zagreb, Croatia Dmitriy Burago, Ph.D., M. Dragomanov Pedagogical University in Kiev, Ukraine Stefano Garzonio, Ph.D., University of Pisa, Italy Tsenka Ivanova, Ph.D., St. Cyril and St. Methodius University of Veliko Turnovo, Bulgaria Anna Kulesh, Ph.D., Belarusian State University, Minsk, Belarus Biljana Mirchevska Bosheva, Ph.D., The Saints Cyril and Methodius University in Skopje, North Macedonia T\u00fcrkan Olcay, Ph.D., University of Istanbul, Turkey Dorota Pazio-Wlaz\u0142owska, Ph.D., Institute of Slavic Studies, Polish Academy of Sciences, Warsaw, Poland Elena Petrukhina, [&hellip;]<\/p>\n","protected":false},"author":1,"featured_media":0,"parent":0,"menu_order":0,"comment_status":"closed","ping_status":"closed","template":"","meta":{"footnotes":""},"class_list":["post-15516","page","type-page","status-publish","hentry"],"_links":{"self":[{"href":"https:\/\/casopis.slavistickodrustvo.org.rs\/index.php?rest_route=\/wp\/v2\/pages\/15516","targetHints":{"allow":["GET"]}}],"collection":[{"href":"https:\/\/casopis.slavistickodrustvo.org.rs\/index.php?rest_route=\/wp\/v2\/pages"}],"about":[{"href":"https:\/\/casopis.slavistickodrustvo.org.rs\/index.php?rest_route=\/wp\/v2\/types\/page"}],"author":[{"embeddable":true,"href":"https:\/\/casopis.slavistickodrustvo.org.rs\/index.php?rest_route=\/wp\/v2\/users\/1"}],"replies":[{"embeddable":true,"href":"https:\/\/casopis.slavistickodrustvo.org.rs\/index.php?rest_route=%2Fwp%2Fv2%2Fcomments&post=15516"}],"version-history":[{"count":11,"href":"https:\/\/casopis.slavistickodrustvo.org.rs\/index.php?rest_route=\/wp\/v2\/pages\/15516\/revisions"}],"predecessor-version":[{"id":16018,"href":"https:\/\/casopis.slavistickodrustvo.org.rs\/index.php?rest_route=\/wp\/v2\/pages\/15516\/revisions\/16018"}],"wp:attachment":[{"href":"https:\/\/casopis.slavistickodrustvo.org.rs\/index.php?rest_route=%2Fwp%2Fv2%2Fmedia&parent=15516"}],"curies":[{"name":"wp","href":"https:\/\/api.w.org\/{rel}","templated":true}]}}